{"id":77,"date":"2017-11-13T21:20:17","date_gmt":"2017-11-13T21:20:17","guid":{"rendered":"http:\/\/new.qualymed.pl\/?page_id=77"},"modified":"2026-01-30T20:59:23","modified_gmt":"2026-01-30T18:59:23","slug":"o-nas","status":"publish","type":"page","link":"https:\/\/qualymed.pl\/?page_id=77","title":{"rendered":"O Nas"},"content":{"rendered":"<h4 style=\"text-align: right;\"><\/h4>\n<h4><\/h4>\n<h4><\/h4>\n<h4 style=\"text-align: right;\"><strong><i>Nie umiera ten, kto trwa w pami\u0119ci \u017cywych<\/i><\/strong><\/h4>\n<h5 style=\"text-align: center;\"><\/h5>\n<h5><strong>QualyMed Sp. z o.o.<\/strong> jest jedn\u0105 z najd\u0142u\u017cej dzia\u0142aj\u0105cych jednostek w bran\u017cy kontroli jako\u015bci urz\u0105dze\u0144 radiologicznych i pomocniczych w Polsce. Nasza przygoda z testami kontroli jako\u015bci rozpocz\u0119\u0142a si\u0119 w roku 2000. QualyMed powsta\u0142 w roku 2005 i od tego czasu ci\u0105gle si\u0119 rozwija prowadz\u0105c dwa rodzaje dzia\u0142alno\u015bci zgodnie z wewn\u0119trznym systemem zarz\u0105dzania: laboratoryjn\u0105 (Laboratorium) i us\u0142ugow\u0105 (Firma).<\/h5>\n<h5>Laboratorium QualyMed wykonuje badania z zakresu test\u00f3w specjalistycznych oraz akceptacyjnych\/odbiorczych urz\u0105dze\u0144 radiologicznych i pomocniczych, spe\u0142niaj\u0105c w ca\u0142o\u015bci wymagania normy PN-EN ISO\/IEC 17025.<\/h5>\n<h5>Naszym celem jest:<\/h5>\n<h5>&#8211; spe\u0142nianie oczekiwa\u0144 Klienta na ka\u017cdym etapie wsp\u00f3\u0142pracy,<\/h5>\n<h5>&#8211; prawid\u0142owe dzia\u0142anie zapewniaj\u0105ce prawid\u0142owe, bezpieczne i u\u017cyteczne (diagnostyczne) stosowanie promieniowania rentgenowskiego w celach medycznych,<\/h5>\n<h5>&#8211; zdobywanie do\u015bwiadczenia &#8211; wykonuj\u0105c testy dla tysi\u0119cy urz\u0105dze\u0144,<\/h5>\n<h5>&#8211; poszerzanie wiedzy &#8211; uczestnicz\u0105c i organizuj\u0105c szkolenia i konferencj\u0119,<\/h5>\n<h5>&#8211; zdobywanie i utrzymanie zaufania jednostek stosuj\u0105cych urz\u0105dzenia radiologiczne i pomocnicze.<\/h5>\n<p><!--more--><\/p>\n<h5><strong>Zgodnie z nasz\u0105 Polityk\u0105 Jako\u015bci zapewniamy:<\/strong><\/h5>\n<h5>&#8211; doskonalenie akredytowanych metodyk badawczych w celu dostarczania rzetelnych, wiarygodnych i u\u017cytecznych wynik\u00f3w bada\u0144 oraz spe\u0142nienie wymaga\u0144 ustawowych, przepis\u00f3w prawa oraz wymaga\u0144 PCA,<\/h5>\n<h5>&#8211; podnoszenie kwalifikacji personelu,<\/h5>\n<h5>&#8211; doskonalenie i wdra\u017canie metod badawczych wysokiej jako\u015bci zgodnych z wymaganiami Unii Europejskiej dotycz\u0105cych kontroli jako\u015bci urz\u0105dze\u0144 radiologicznych i pomocniczych wykorzystywanych w celach medycznych,<\/h5>\n<h5>&#8211; systematyczne nadzorowanie i doskonalenie systemu zarz\u0105dzania poprzez realizowanie audit\u00f3w wewn\u0119trznych oraz potwierdzenie wa\u017cno\u015bci wynik\u00f3w,<\/h5>\n<h5>&#8211; uczestnictwo i organizacj\u0119 por\u00f3wna\u0144 mi\u0119dzylaboratoryjnych,<\/h5>\n<h5>&#8211; dob\u00f3r wyposa\u017cenia pomiarowego odpowiedniego do prowadzonej dzia\u0142alno\u015bci i rosn\u0105cych potrzeb wynikaj\u0105cych z rozwoju dziedzin wykorzystuj\u0105cych promieniowanie jonizuj\u0105ce,<\/h5>\n<h5>&#8211; kontynuowanie dzia\u0142alno\u015bci polegaj\u0105cej na organizacji szkole\u0144\/konferencji oraz prowadzeniu odczyt\u00f3w i wyk\u0142ad\u00f3w, a tak\u017ce publikowaniu w\u0142asnych wyst\u0105pie\u0144,<\/h5>\n<h5>&#8211; uczestnictwo w pracach organizacji zajmuj\u0105cych si\u0119 zagadnieniami fizyki medycznej, in\u017cynierii klinicznej, itp.<\/h5>\n","protected":false},"excerpt":{"rendered":"<p>Nie umiera ten, kto trwa w pami\u0119ci \u017cywych QualyMed Sp. z o.o. jest jedn\u0105 z najd\u0142u\u017cej dzia\u0142aj\u0105cych jednostek w bran\u017cy kontroli jako\u015bci urz\u0105dze\u0144 radiologicznych i pomocniczych w Polsce. Nasza przygoda z testami kontroli jako\u015bci rozpocz\u0119\u0142a si\u0119 w roku 2000. QualyMed powsta\u0142 w roku 2005 i od tego czasu ci\u0105gle si\u0119 rozwija prowadz\u0105c dwa rodzaje dzia\u0142alno\u015bci&#8230; <\/p>\n","protected":false},"author":1,"featured_media":0,"parent":0,"menu_order":0,"comment_status":"closed","ping_status":"closed","template":"full-width.php","meta":{"footnotes":""},"class_list":["post-77","page","type-page","status-publish","hentry"],"_links":{"self":[{"href":"https:\/\/qualymed.pl\/index.php?rest_route=\/wp\/v2\/pages\/77","targetHints":{"allow":["GET"]}}],"collection":[{"href":"https:\/\/qualymed.pl\/index.php?rest_route=\/wp\/v2\/pages"}],"about":[{"href":"https:\/\/qualymed.pl\/index.php?rest_route=\/wp\/v2\/types\/page"}],"author":[{"embeddable":true,"href":"https:\/\/qualymed.pl\/index.php?rest_route=\/wp\/v2\/users\/1"}],"replies":[{"embeddable":true,"href":"https:\/\/qualymed.pl\/index.php?rest_route=%2Fwp%2Fv2%2Fcomments&post=77"}],"version-history":[{"count":21,"href":"https:\/\/qualymed.pl\/index.php?rest_route=\/wp\/v2\/pages\/77\/revisions"}],"predecessor-version":[{"id":937,"href":"https:\/\/qualymed.pl\/index.php?rest_route=\/wp\/v2\/pages\/77\/revisions\/937"}],"wp:attachment":[{"href":"https:\/\/qualymed.pl\/index.php?rest_route=%2Fwp%2Fv2%2Fmedia&parent=77"}],"curies":[{"name":"wp","href":"https:\/\/api.w.org\/{rel}","templated":true}]}}