{"id":60,"date":"2017-11-12T22:08:44","date_gmt":"2017-11-12T22:08:44","guid":{"rendered":"http:\/\/new.qualymed.pl\/?page_id=60"},"modified":"2026-01-30T21:21:17","modified_gmt":"2026-01-30T19:21:17","slug":"testy","status":"publish","type":"page","link":"https:\/\/qualymed.pl\/?page_id=60","title":{"rendered":"Testy kontroli Jako\u015bci"},"content":{"rendered":"<h5 style=\"text-align: left;\">Wykonujemy wszystkie us\u0142ugi zwi\u0105zane z realizacj\u0105 test\u00f3w kontroli jako\u015bci urz\u0105dze\u0144 radiologicznych i pomocniczych tj.:<br \/>\n&#8211; testy specjalistyczne,<br \/>\n&#8211; testy akceptacyjne (odbiorcze),<br \/>\n&#8211; testy podstawowe,<br \/>\n&#8211; testy kontroli jako\u015bci mammograf\u00f3w cyfrowych wed\u0142ug zalece\u0144 i wytycznych UE<br \/>\n&#8211; szkolenia i konsultacje z wykonywania test\u00f3w.<\/h5>\n","protected":false},"excerpt":{"rendered":"<p>Wykonujemy wszystkie us\u0142ugi zwi\u0105zane z realizacj\u0105 test\u00f3w kontroli jako\u015bci urz\u0105dze\u0144 radiologicznych i pomocniczych tj.: &#8211; testy specjalistyczne, &#8211; testy akceptacyjne (odbiorcze), &#8211; testy podstawowe, &#8211; testy kontroli jako\u015bci mammograf\u00f3w cyfrowych wed\u0142ug zalece\u0144 i wytycznych UE &#8211; szkolenia i konsultacje z wykonywania test\u00f3w.<\/p>\n","protected":false},"author":1,"featured_media":0,"parent":0,"menu_order":1,"comment_status":"closed","ping_status":"closed","template":"full-width.php","meta":{"footnotes":""},"class_list":["post-60","page","type-page","status-publish","hentry"],"_links":{"self":[{"href":"https:\/\/qualymed.pl\/index.php?rest_route=\/wp\/v2\/pages\/60","targetHints":{"allow":["GET"]}}],"collection":[{"href":"https:\/\/qualymed.pl\/index.php?rest_route=\/wp\/v2\/pages"}],"about":[{"href":"https:\/\/qualymed.pl\/index.php?rest_route=\/wp\/v2\/types\/page"}],"author":[{"embeddable":true,"href":"https:\/\/qualymed.pl\/index.php?rest_route=\/wp\/v2\/users\/1"}],"replies":[{"embeddable":true,"href":"https:\/\/qualymed.pl\/index.php?rest_route=%2Fwp%2Fv2%2Fcomments&post=60"}],"version-history":[{"count":7,"href":"https:\/\/qualymed.pl\/index.php?rest_route=\/wp\/v2\/pages\/60\/revisions"}],"predecessor-version":[{"id":938,"href":"https:\/\/qualymed.pl\/index.php?rest_route=\/wp\/v2\/pages\/60\/revisions\/938"}],"wp:attachment":[{"href":"https:\/\/qualymed.pl\/index.php?rest_route=%2Fwp%2Fv2%2Fmedia&parent=60"}],"curies":[{"name":"wp","href":"https:\/\/api.w.org\/{rel}","templated":true}]}}