{"id":52,"date":"2017-11-12T21:56:07","date_gmt":"2017-11-12T21:56:07","guid":{"rendered":"http:\/\/new.qualymed.pl\/?page_id=52"},"modified":"2024-08-28T13:52:55","modified_gmt":"2024-08-28T11:52:55","slug":"metody-badawcze","status":"publish","type":"page","link":"https:\/\/qualymed.pl\/?page_id=52","title":{"rendered":"Metody badawcze"},"content":{"rendered":"<div id=\"zawartosc\">\n<h5><strong>Akredytowane metody badawcze:<\/strong><\/h5>\n<h5>Wykonywanie test\u00f3w specjalistycznych urz\u0105dze\u0144 radiologicznych i pomocniczych wed\u0142ug wymaga\u0144 Rozporz\u0105dzenia Ministra Zdrowia z dnia 12 grudnia 2022r. w sprawie test\u00f3w eksploatacyjnych urz\u0105dze\u0144 radiologicznych i urz\u0105dze\u0144 pomocniczych (Dz. U. z 2022r. poz. 2759) &#8211; za\u0142\u0105cznik nr 1 i nr 2<\/p>\n<p>Wykaz aktualnych procedur badawczych zgodnie z zapisami <a href=\"https:\/\/www.pca.gov.pl\/akredytowane-podmioty\/akredytacje-aktywne\/laboratoria-badawcze\/AB%201297,podmiot.html\">Zakresu Akredytacji PCA Nr 1297<\/a> (kolumna \u201edokumenty odniesienia\u201d).<\/h5>\n<\/div>\n","protected":false},"excerpt":{"rendered":"<p>Akredytowane metody badawcze: Wykonywanie test\u00f3w specjalistycznych urz\u0105dze\u0144 radiologicznych i pomocniczych wed\u0142ug wymaga\u0144 Rozporz\u0105dzenia Ministra Zdrowia z dnia 12 grudnia 2022r. w sprawie test\u00f3w eksploatacyjnych urz\u0105dze\u0144 radiologicznych i urz\u0105dze\u0144 pomocniczych (Dz. U. z 2022r. poz. 2759) &#8211; za\u0142\u0105cznik nr 1 i nr 2 Wykaz aktualnych procedur badawczych zgodnie z zapisami Zakresu Akredytacji PCA Nr 1297 (kolumna&#8230; <\/p>\n","protected":false},"author":1,"featured_media":0,"parent":43,"menu_order":0,"comment_status":"closed","ping_status":"closed","template":"full-width.php","meta":{"footnotes":""},"class_list":["post-52","page","type-page","status-publish","hentry"],"_links":{"self":[{"href":"https:\/\/qualymed.pl\/index.php?rest_route=\/wp\/v2\/pages\/52","targetHints":{"allow":["GET"]}}],"collection":[{"href":"https:\/\/qualymed.pl\/index.php?rest_route=\/wp\/v2\/pages"}],"about":[{"href":"https:\/\/qualymed.pl\/index.php?rest_route=\/wp\/v2\/types\/page"}],"author":[{"embeddable":true,"href":"https:\/\/qualymed.pl\/index.php?rest_route=\/wp\/v2\/users\/1"}],"replies":[{"embeddable":true,"href":"https:\/\/qualymed.pl\/index.php?rest_route=%2Fwp%2Fv2%2Fcomments&post=52"}],"version-history":[{"count":7,"href":"https:\/\/qualymed.pl\/index.php?rest_route=\/wp\/v2\/pages\/52\/revisions"}],"predecessor-version":[{"id":855,"href":"https:\/\/qualymed.pl\/index.php?rest_route=\/wp\/v2\/pages\/52\/revisions\/855"}],"up":[{"embeddable":true,"href":"https:\/\/qualymed.pl\/index.php?rest_route=\/wp\/v2\/pages\/43"}],"wp:attachment":[{"href":"https:\/\/qualymed.pl\/index.php?rest_route=%2Fwp%2Fv2%2Fmedia&parent=52"}],"curies":[{"name":"wp","href":"https:\/\/api.w.org\/{rel}","templated":true}]}}