{"id":43,"date":"2017-11-12T21:28:40","date_gmt":"2017-11-12T21:28:40","guid":{"rendered":"http:\/\/new.qualymed.pl\/?page_id=43"},"modified":"2024-08-28T13:44:06","modified_gmt":"2024-08-28T11:44:06","slug":"o-nas","status":"publish","type":"page","link":"https:\/\/qualymed.pl\/?page_id=43","title":{"rendered":"Testy specjalistyczne"},"content":{"rendered":"<h5><img loading=\"lazy\" decoding=\"async\" class=\"alignnone size-full wp-image-49\" src=\"https:\/\/qualymed.pl\/wp-content\/uploads\/2017\/11\/pca.png\" alt=\"\" width=\"76\" height=\"113\" \/><\/h5>\n<h5>Zgodnie z aktualnym stanem prawnym urz\u0105dzenia radiologiczne i urz\u0105dzenia pomocnicze podlegaj\u0105 <strong>testom specjalistycznym<\/strong> wykonywanym przez uprawnione jednostki.<\/h5>\n<h5>Laboratorium QualyMed wykonuje badania z zakresu test\u00f3w specjalistycznych spe\u0142niaj\u0105c w ca\u0142o\u015bci wymagania normy PN-EN ISO\/IEC 17025, wykonuj\u0105c pomiary dla wszystkich urz\u0105dze\u0144 radiologicznych wraz z ich wyposa\u017ceniem pomocniczym stosowanych w poni\u017cej wymienionych dziedzinach:<\/h5>\n<h5>\u2022 RADIOGRAFIA OG\u00d3LNA ANALOGOWA,<br \/>\n\u2022 RADIOGRAFIA OG\u00d3LNA CYFROWA,<br \/>\n\u2022 FLUOROSKOPIA I ANGIOGRAFIA,<br \/>\n\u2022 TOMOGRAFIA KOMPUTEROWA,<br \/>\n\u2022 STOMATOLOGICZNA TOMOGRAFIA KOMPUTEROWA WI\u0104ZKI STO\u017bKOWEJ,<br \/>\n\u2022 MAMMOGRAFIA ANALOGOWA,<br \/>\n\u2022 MAMMOGRAFIA CYFROWA,<br \/>\n\u2022 STOMATOLOGIA (aparaty do zdj\u0119\u0107 wewn\u0105trzustnych, pantomograficznych oraz cefalometrii),<br \/>\n\u2022 MONITORY STOSOWANE DO PREZENTACJI OBRAZ\u00d3W MEDYCZNYCH.<\/h5>\n<h5><strong>Dzi\u0119ki dzia\u0142aniom zgodnym z wymaganiami akredytacyjnymi Polskiego Centrum Akredytacji mamy mo\u017cliwo\u015b\u0107, aby d\u0105\u017cy\u0107 do: <\/strong><\/h5>\n<ul>\n<li>\n<h5>Realizacji wszelkich dzia\u0142a\u0144 w spos\u00f3b kompetentny, bezstronny, rzetelny i wiarygodny;<\/h5>\n<\/li>\n<li>\n<h5>Prowadzenia dzia\u0142alno\u015bci zgodnie z krajowymi i mi\u0119dzynarodowymi wymaganiami;<\/h5>\n<\/li>\n<li>\n<h5>Realizacji Misji na rzecz poprawy jako\u015bci rentgenodiagnostyki oraz radiologii zabiegowej;<\/h5>\n<\/li>\n<li>\n<h5>Pracy z personelem o specjalistycznej wiedzy oraz dzia\u0142anie na rzecz rozwoju ich kompetencji;<\/h5>\n<\/li>\n<li>\n<h5>Przejrzysto\u015bci procedur na ka\u017cdym etapie wsp\u00f3\u0142pracy w Klientem oraz sta\u0142e doskonalenie jako\u015bci \u015bwiadczonych us\u0142ug;<\/h5>\n<\/li>\n<li>\n<h5>Zachowania poufno\u015bci wynik\u00f3w i zapewnienia bezpiecze\u0144stwa informacji oraz danych osobowych;<\/h5>\n<\/li>\n<li>\n<h5>Zapewniania obiektywno\u015bci, bezstronno\u015bci, transparentno\u015bci dzia\u0142a\u0144 oraz jednakowego traktowania wszystkich Klient\u00f3w;<\/h5>\n<\/li>\n<\/ul>\n<h5><strong>Potwierdzeniem powy\u017cszego jest akredytacja Polskiego Centrum Akredytacji zgodnie <u>z <\/u><\/strong> <a href=\"http:\/\/www.pca.gov.pl\/akredytowane-podmioty\/akredytacje-aktywne\/laboratoria-badawcze\/AB%201297,podmiot.html\" target=\"_blank\" rel=\"noopener noreferrer\">zakresem PCA Nr 1297<\/a>\u00a0<a href=\"https:\/\/drive.google.com\/file\/d\/1LmBJ8VKXqDpuGH-UEkR-v0TxeUh_f3oL\">(certyfikat)<\/a>.<\/h5>\n","protected":false},"excerpt":{"rendered":"<p>Zgodnie z aktualnym stanem prawnym urz\u0105dzenia radiologiczne i urz\u0105dzenia pomocnicze podlegaj\u0105 testom specjalistycznym wykonywanym przez uprawnione jednostki. Laboratorium QualyMed wykonuje badania z zakresu test\u00f3w specjalistycznych spe\u0142niaj\u0105c w ca\u0142o\u015bci wymagania normy PN-EN ISO\/IEC 17025, wykonuj\u0105c pomiary dla wszystkich urz\u0105dze\u0144 radiologicznych wraz z ich wyposa\u017ceniem pomocniczym stosowanych w poni\u017cej wymienionych dziedzinach: \u2022 RADIOGRAFIA OG\u00d3LNA ANALOGOWA, \u2022 RADIOGRAFIA&#8230; <\/p>\n","protected":false},"author":1,"featured_media":0,"parent":60,"menu_order":1,"comment_status":"closed","ping_status":"closed","template":"full-width.php","meta":{"footnotes":""},"class_list":["post-43","page","type-page","status-publish","hentry"],"_links":{"self":[{"href":"https:\/\/qualymed.pl\/index.php?rest_route=\/wp\/v2\/pages\/43","targetHints":{"allow":["GET"]}}],"collection":[{"href":"https:\/\/qualymed.pl\/index.php?rest_route=\/wp\/v2\/pages"}],"about":[{"href":"https:\/\/qualymed.pl\/index.php?rest_route=\/wp\/v2\/types\/page"}],"author":[{"embeddable":true,"href":"https:\/\/qualymed.pl\/index.php?rest_route=\/wp\/v2\/users\/1"}],"replies":[{"embeddable":true,"href":"https:\/\/qualymed.pl\/index.php?rest_route=%2Fwp%2Fv2%2Fcomments&post=43"}],"version-history":[{"count":26,"href":"https:\/\/qualymed.pl\/index.php?rest_route=\/wp\/v2\/pages\/43\/revisions"}],"predecessor-version":[{"id":854,"href":"https:\/\/qualymed.pl\/index.php?rest_route=\/wp\/v2\/pages\/43\/revisions\/854"}],"up":[{"embeddable":true,"href":"https:\/\/qualymed.pl\/index.php?rest_route=\/wp\/v2\/pages\/60"}],"wp:attachment":[{"href":"https:\/\/qualymed.pl\/index.php?rest_route=%2Fwp%2Fv2%2Fmedia&parent=43"}],"curies":[{"name":"wp","href":"https:\/\/api.w.org\/{rel}","templated":true}]}}