{"id":129,"date":"2018-01-04T21:54:30","date_gmt":"2018-01-04T21:54:30","guid":{"rendered":"http:\/\/new.qualymed.pl\/?page_id=129"},"modified":"2026-04-03T16:07:30","modified_gmt":"2026-04-03T14:07:30","slug":"monitory","status":"publish","type":"page","link":"https:\/\/qualymed.pl\/?page_id=129","title":{"rendered":"Monitory medyczne"},"content":{"rendered":"<h5>Aktualne wymogi prawne wyprowadzi\u0142y konieczno\u015b\u0107 wykonywania test\u00f3w specjalistyczny monitor\u00f3w diagnostycznych s\u0142u\u017c\u0105cych do opisu i przegl\u0105du medycznych obraz\u00f3w. Zwolnione z obowi\u0105zku testowania s\u0105 jedynie obrazy otrzymane z aparatu wewn\u0105trzustnego.<\/h5>\n<h5>Dla obraz\u00f3w opisywanych w przypadku mammografii lub radiografii og\u00f3lnodiagnostycznej nie jest to sytuacja nowa i w wi\u0119kszo\u015bci przypadku testy tych monitor\u00f3w s\u0105 pozytywne.<br \/>\nInaczej sytuacja wygl\u0105da dla monitor\u00f3w stosowanych w stomatologii dla aparat\u00f3w pantomograficznych i CBCT. Zwykle dla tych monitor\u00f3w wyniki test\u00f3w nie s\u0105 pozytywne, a zakup monitora medycznego jest to spory wydatek.<\/h5>\n<h5>Posiadamy w swojej ofercie monitory firmy EIZO, kt\u00f3re spe\u0142niaj\u0105 wymogi prawne, zapewniaj\u0105 bardzo wysok\u0105 jako\u015b\u0107 oraz gwarantuj\u0105, \u017ce wyniki test\u00f3w specjalistycznych s\u0105 pozytywne.<\/h5>\n<h5>\n<strong>Proponujemy zakup monitora w bardzo korzystnej cenie (nowego lub u\u017cywanego) wraz z us\u0142ug\u0105 kalibracji i test\u00f3w specjalistycznych.<\/strong><\/h5>\n","protected":false},"excerpt":{"rendered":"<p>Aktualne wymogi prawne wyprowadzi\u0142y konieczno\u015b\u0107 wykonywania test\u00f3w specjalistyczny monitor\u00f3w diagnostycznych s\u0142u\u017c\u0105cych do opisu i przegl\u0105du medycznych obraz\u00f3w. Zwolnione z obowi\u0105zku testowania s\u0105 jedynie obrazy otrzymane z aparatu wewn\u0105trzustnego. Dla obraz\u00f3w opisywanych w przypadku mammografii lub radiografii og\u00f3lnodiagnostycznej nie jest to sytuacja nowa i w wi\u0119kszo\u015bci przypadku testy tych monitor\u00f3w s\u0105 pozytywne. Inaczej sytuacja wygl\u0105da dla&#8230; <\/p>\n","protected":false},"author":1,"featured_media":0,"parent":0,"menu_order":4,"comment_status":"closed","ping_status":"closed","template":"full-width.php","meta":{"footnotes":""},"class_list":["post-129","page","type-page","status-publish","hentry"],"_links":{"self":[{"href":"https:\/\/qualymed.pl\/index.php?rest_route=\/wp\/v2\/pages\/129","targetHints":{"allow":["GET"]}}],"collection":[{"href":"https:\/\/qualymed.pl\/index.php?rest_route=\/wp\/v2\/pages"}],"about":[{"href":"https:\/\/qualymed.pl\/index.php?rest_route=\/wp\/v2\/types\/page"}],"author":[{"embeddable":true,"href":"https:\/\/qualymed.pl\/index.php?rest_route=\/wp\/v2\/users\/1"}],"replies":[{"embeddable":true,"href":"https:\/\/qualymed.pl\/index.php?rest_route=%2Fwp%2Fv2%2Fcomments&post=129"}],"version-history":[{"count":9,"href":"https:\/\/qualymed.pl\/index.php?rest_route=\/wp\/v2\/pages\/129\/revisions"}],"predecessor-version":[{"id":959,"href":"https:\/\/qualymed.pl\/index.php?rest_route=\/wp\/v2\/pages\/129\/revisions\/959"}],"wp:attachment":[{"href":"https:\/\/qualymed.pl\/index.php?rest_route=%2Fwp%2Fv2%2Fmedia&parent=129"}],"curies":[{"name":"wp","href":"https:\/\/api.w.org\/{rel}","templated":true}]}}